{"id":6990,"date":"2026-01-12T11:10:14","date_gmt":"2026-01-12T14:10:14","guid":{"rendered":"https:\/\/editorag12.com\/site\/?post_type=product&#038;p=6990"},"modified":"2026-02-06T21:15:36","modified_gmt":"2026-02-07T00:15:36","slug":"ebook-devocional-encontro-diario","status":"publish","type":"product","link":"https:\/\/editorag12.com\/site\/produto\/ebook-devocional-encontro-diario\/","title":{"rendered":"Ebook &#8211; Devocional Encontro Diario"},"content":{"rendered":"","protected":false},"excerpt":{"rendered":"<div class=\"_66s2\">\n<div class=\"av2bsgq5\">\n<p class=\"cvGsUA direction-ltr align-center para-style-body\"><span class=\"a_GcMg font-feature-liga-off font-feature-clig-off font-feature-calt-off text-decoration-none text-strikethrough-none\">Livro em FORMATO DIGITAL .PUB (N\u00e3o \u00e9 livro f\u00edsico)<\/span><\/p>\n<p class=\"cvGsUA direction-ltr align-center para-style-body\"><span class=\"a_GcMg font-feature-liga-off font-feature-clig-off font-feature-calt-off text-decoration-none text-strikethrough-none\">Instru\u00e7\u00f5es:<\/span><\/p>\n<ul>\n<li><span class=\"a_GcMg font-feature-liga-off font-feature-clig-off font-feature-calt-off text-decoration-none text-strikethrough-none\">Ap\u00f3s a confirma\u00e7\u00e3o da compra, acesse o e-mail de confirma\u00e7\u00e3o ou v\u00e1 ao menu de download para baixar o arquivo.<\/span><\/li>\n<li><span class=\"a_GcMg font-feature-liga-off font-feature-clig-off font-feature-calt-off text-decoration-none text-strikethrough-none\">Salve o arquivo em seu dispositivo.\u00a0<\/span><\/li>\n<li><span class=\"a_GcMg font-feature-liga-off font-feature-clig-off font-feature-calt-off text-decoration-none text-strikethrough-none\">Para acessar o e-book, \u00e9 necess\u00e1rio ter um aplicativo de leitura instalado (como Google Play Books ou Prest\u00edgio E-Reader).<\/span><\/li>\n<li>Depois de baixar o arquivo para seu dispositivo, abra o aplicativo de leitura e localize-o na biblioteca.<\/li>\n<\/ul>\n<\/div>\n<\/div>\n","protected":false},"featured_media":6993,"comment_status":"open","ping_status":"closed","template":"","meta":[],"product_brand":[],"product_cat":[46,56,64],"product_tag":[],"class_list":{"0":"post-6990","1":"product","2":"type-product","3":"status-publish","4":"has-post-thumbnail","6":"product_cat-cesar-castellanos","7":"product_cat-ebooks","8":"product_cat-novidades","10":"first","11":"instock","12":"downloadable","13":"virtual","14":"taxable","15":"purchasable","16":"product-type-simple"},"_links":{"self":[{"href":"https:\/\/editorag12.com\/site\/wp-json\/wp\/v2\/product\/6990","targetHints":{"allow":["GET"]}}],"collection":[{"href":"https:\/\/editorag12.com\/site\/wp-json\/wp\/v2\/product"}],"about":[{"href":"https:\/\/editorag12.com\/site\/wp-json\/wp\/v2\/types\/product"}],"replies":[{"embeddable":true,"href":"https:\/\/editorag12.com\/site\/wp-json\/wp\/v2\/comments?post=6990"}],"wp:featuredmedia":[{"embeddable":true,"href":"https:\/\/editorag12.com\/site\/wp-json\/wp\/v2\/media\/6993"}],"wp:attachment":[{"href":"https:\/\/editorag12.com\/site\/wp-json\/wp\/v2\/media?parent=6990"}],"wp:term":[{"taxonomy":"product_brand","embeddable":true,"href":"https:\/\/editorag12.com\/site\/wp-json\/wp\/v2\/product_brand?post=6990"},{"taxonomy":"product_cat","embeddable":true,"href":"https:\/\/editorag12.com\/site\/wp-json\/wp\/v2\/product_cat?post=6990"},{"taxonomy":"product_tag","embeddable":true,"href":"https:\/\/editorag12.com\/site\/wp-json\/wp\/v2\/product_tag?post=6990"}],"curies":[{"name":"wp","href":"https:\/\/api.w.org\/{rel}","templated":true}]}}