{"id":6753,"date":"2025-08-06T13:42:55","date_gmt":"2025-08-06T16:42:55","guid":{"rendered":"https:\/\/editorag12.com\/site\/?post_type=product&#038;p=6753"},"modified":"2025-09-30T08:55:05","modified_gmt":"2025-09-30T11:55:05","slug":"a-ressurreicao-dos-mortos","status":"publish","type":"product","link":"https:\/\/editorag12.com\/site\/produto\/a-ressurreicao-dos-mortos\/","title":{"rendered":"A ressurrei\u00e7\u00e3o dos mortos"},"content":{"rendered":"","protected":false},"excerpt":{"rendered":"<p>Existe vida depois da morte? Qual \u00e9 o poder da ressurrei\u00e7\u00e3o de Jesus? Muitos crentes tem duvidas sobre este importante assunto e perdem a grande ben\u00e7\u00e3o de experimentar o poder da ressurrei\u00e7\u00e3o de Cristo.<\/p>\n<p>Neste livro, aprender\u00e1 de forma clara e ordenada o que a b\u00edblia ensina sobre o poder da ressurrei\u00e7\u00e3o.<\/p>\n","protected":false},"featured_media":6754,"comment_status":"open","ping_status":"closed","template":"","meta":[],"product_brand":[],"product_cat":[46,47,64],"product_tag":[],"class_list":{"0":"post-6753","1":"product","2":"type-product","3":"status-publish","4":"has-post-thumbnail","6":"product_cat-cesar-castellanos","7":"product_cat-livros","8":"product_cat-novidades","10":"first","11":"instock","12":"taxable","13":"shipping-taxable","14":"purchasable","15":"product-type-simple"},"_links":{"self":[{"href":"https:\/\/editorag12.com\/site\/wp-json\/wp\/v2\/product\/6753","targetHints":{"allow":["GET"]}}],"collection":[{"href":"https:\/\/editorag12.com\/site\/wp-json\/wp\/v2\/product"}],"about":[{"href":"https:\/\/editorag12.com\/site\/wp-json\/wp\/v2\/types\/product"}],"replies":[{"embeddable":true,"href":"https:\/\/editorag12.com\/site\/wp-json\/wp\/v2\/comments?post=6753"}],"wp:featuredmedia":[{"embeddable":true,"href":"https:\/\/editorag12.com\/site\/wp-json\/wp\/v2\/media\/6754"}],"wp:attachment":[{"href":"https:\/\/editorag12.com\/site\/wp-json\/wp\/v2\/media?parent=6753"}],"wp:term":[{"taxonomy":"product_brand","embeddable":true,"href":"https:\/\/editorag12.com\/site\/wp-json\/wp\/v2\/product_brand?post=6753"},{"taxonomy":"product_cat","embeddable":true,"href":"https:\/\/editorag12.com\/site\/wp-json\/wp\/v2\/product_cat?post=6753"},{"taxonomy":"product_tag","embeddable":true,"href":"https:\/\/editorag12.com\/site\/wp-json\/wp\/v2\/product_tag?post=6753"}],"curies":[{"name":"wp","href":"https:\/\/api.w.org\/{rel}","templated":true}]}}