{"id":6734,"date":"2025-07-21T18:55:56","date_gmt":"2025-07-21T21:55:56","guid":{"rendered":"https:\/\/editorag12.com\/site\/?post_type=product&#038;p=6734"},"modified":"2025-09-30T08:56:19","modified_gmt":"2025-09-30T11:56:19","slug":"siga-a-estrela","status":"publish","type":"product","link":"https:\/\/editorag12.com\/site\/produto\/siga-a-estrela\/","title":{"rendered":"Siga a Estrela"},"content":{"rendered":"","protected":false},"excerpt":{"rendered":"<p>&#8220;Cada promessa que encontramos na palavra de Deus, \u00e9 uma estrela que brilha no c\u00e9u, guiando-nos no caminho no encontro com nosso salvador&#8221;<\/p>\n<p>Neste devocional, a pastora Johanna Castellanos e sua filha Rachel nos oferecem dicas valiosas para melhorar nossa vida de ora\u00e7\u00e3o. \u00c9 fundamental compreender que Deus deseja comunicar-se de maneira clara conosco por meio de Sua palavra. Este \u00e9 o momento ideal para revitalizar nossa vida de ora\u00e7\u00e3o e aprofundar nosso conhecimento da palavra do Senhor.<\/p>\n","protected":false},"featured_media":6750,"comment_status":"open","ping_status":"closed","template":"","meta":[],"product_brand":[],"product_cat":[49,47,64],"product_tag":[],"class_list":{"0":"post-6734","1":"product","2":"type-product","3":"status-publish","4":"has-post-thumbnail","6":"product_cat-johanna-castellanos","7":"product_cat-livros","8":"product_cat-novidades","10":"first","11":"instock","12":"taxable","13":"shipping-taxable","14":"purchasable","15":"product-type-simple"},"_links":{"self":[{"href":"https:\/\/editorag12.com\/site\/wp-json\/wp\/v2\/product\/6734","targetHints":{"allow":["GET"]}}],"collection":[{"href":"https:\/\/editorag12.com\/site\/wp-json\/wp\/v2\/product"}],"about":[{"href":"https:\/\/editorag12.com\/site\/wp-json\/wp\/v2\/types\/product"}],"replies":[{"embeddable":true,"href":"https:\/\/editorag12.com\/site\/wp-json\/wp\/v2\/comments?post=6734"}],"wp:featuredmedia":[{"embeddable":true,"href":"https:\/\/editorag12.com\/site\/wp-json\/wp\/v2\/media\/6750"}],"wp:attachment":[{"href":"https:\/\/editorag12.com\/site\/wp-json\/wp\/v2\/media?parent=6734"}],"wp:term":[{"taxonomy":"product_brand","embeddable":true,"href":"https:\/\/editorag12.com\/site\/wp-json\/wp\/v2\/product_brand?post=6734"},{"taxonomy":"product_cat","embeddable":true,"href":"https:\/\/editorag12.com\/site\/wp-json\/wp\/v2\/product_cat?post=6734"},{"taxonomy":"product_tag","embeddable":true,"href":"https:\/\/editorag12.com\/site\/wp-json\/wp\/v2\/product_tag?post=6734"}],"curies":[{"name":"wp","href":"https:\/\/api.w.org\/{rel}","templated":true}]}}