{"id":6156,"date":"2024-11-14T11:58:53","date_gmt":"2024-11-14T14:58:53","guid":{"rendered":"https:\/\/editorag12.com\/site\/?post_type=product&#038;p=6156"},"modified":"2025-09-30T09:13:07","modified_gmt":"2025-09-30T12:13:07","slug":"devocional-universidade-da-vida","status":"publish","type":"product","link":"https:\/\/editorag12.com\/site\/produto\/devocional-universidade-da-vida\/","title":{"rendered":"Devocional Universidade da Vida"},"content":{"rendered":"","protected":false},"excerpt":{"rendered":"<div class=\"flex-1 overflow-hidden\">\n<div class=\"h-full\">\n<div class=\"react-scroll-to-bottom--css-ocwze-79elbk h-full\">\n<div class=\"react-scroll-to-bottom--css-ocwze-1n7m0yu\">\n<div class=\"flex flex-col text-sm\">\n<article class=\"w-full text-token-text-primary focus-visible:outline-2 focus-visible:outline-offset-[-4px]\" dir=\"auto\" data-testid=\"conversation-turn-3\" data-scroll-anchor=\"true\">\n<div class=\"text-base py-[18px] px-3 md:px-4 m-auto md:px-5 lg:px-1 xl:px-5\">\n<div class=\"mx-auto flex flex-1 gap-4 text-base md:gap-5 lg:gap-6 md:max-w-3xl\">\n<div class=\"group\/conversation-turn relative flex w-full min-w-0 flex-col agent-turn\">\n<div class=\"flex-col gap-1 md:gap-3\">\n<div class=\"flex max-w-full flex-col flex-grow\">\n<div class=\"min-h-[20px] text-message flex w-full flex-col items-end gap-2 whitespace-pre-wrap break-words [.text-message+&amp;]:mt-5 overflow-x-auto\" dir=\"auto\" data-message-author-role=\"assistant\" data-message-id=\"14bca89e-e297-442c-92d0-61452fb27c5a\">\n<div class=\"flex w-full flex-col gap-1 empty:hidden first:pt-[3px]\">\n<div class=\"markdown prose w-full break-words dark:prose-invert light\">\n<p>Um dos maiores desafios dos novos crentes \u00e9 afirmar seu tempo de devocional. A ora\u00e7\u00e3o \u00e9 essencial para o crescimento de cada pessoa. Por meio desta poderosa ferramenta, cada pessoa que faz parte do processo da Universidade da Vida ter\u00e1 uma grande ajuda para o desenvolvimento de sua nova vida em Cristo, afirmando seu tempo de devocional e contato di\u00e1rio com a Palavra de Deus.<\/p>\n<\/div>\n<\/div>\n<\/div>\n<\/div>\n<div class=\"mt-1 flex gap-3 empty:hidden -ml-2\">\n<div class=\"items-center justify-start rounded-xl p-1 flex\">\n<div class=\"flex items-center\"><\/div>\n<\/div>\n<\/div>\n<div class=\"pr-2 lg:pr-0\"><\/div>\n<div class=\"mt-3 w-full empty:hidden\">\n<div class=\"text-center\"><\/div>\n<\/div>\n<\/div>\n<div class=\"absolute\">\n<div class=\"flex items-center justify-center\"><\/div>\n<\/div>\n<\/div>\n<\/div>\n<\/div>\n<\/article>\n<\/div>\n<\/div>\n<\/div>\n<\/div>\n<\/div>\n<div class=\"md:pt-0 dark:border-white\/20 md:border-transparent md:dark:border-transparent w-full\">\n<div class=\"text-base px-3 md:px-4 m-auto md:px-5 lg:px-1 xl:px-5\">\n<div class=\"mx-auto flex flex-1 gap-4 text-base md:gap-5 lg:gap-6 md:max-w-3xl\">\n<div class=\"relative flex h-full max-w-full flex-1 flex-col\">\n<div class=\"absolute bottom-full left-0 right-0 z-20\">\n<div class=\"relative h-full w-full\">\n<div class=\"flex flex-col gap-3.5 pb-3.5 pt-2\">\n<div class=\"text-token-text-primary border-token-border-light bg-token-main-surface-primary flex w-full items-start gap-3 rounded-2xl border text-sm bg-opacity-10 px-3 py-2.5 md:p-4\">\n<div class=\"grow pt-[2px] pl-1\"><\/div>\n<\/div>\n<\/div>\n<\/div>\n<\/div>\n<\/div>\n<\/div>\n<\/div>\n<\/div>\n","protected":false},"featured_media":6157,"comment_status":"open","ping_status":"closed","template":"","meta":[],"product_brand":[],"product_cat":[63,54],"product_tag":[],"class_list":{"0":"post-6156","1":"product","2":"type-product","3":"status-publish","4":"has-post-thumbnail","6":"product_cat-combosespeciais","7":"product_cat-universidade-da-vida","9":"first","10":"instock","11":"taxable","12":"shipping-taxable","13":"purchasable","14":"product-type-simple"},"_links":{"self":[{"href":"https:\/\/editorag12.com\/site\/wp-json\/wp\/v2\/product\/6156","targetHints":{"allow":["GET"]}}],"collection":[{"href":"https:\/\/editorag12.com\/site\/wp-json\/wp\/v2\/product"}],"about":[{"href":"https:\/\/editorag12.com\/site\/wp-json\/wp\/v2\/types\/product"}],"replies":[{"embeddable":true,"href":"https:\/\/editorag12.com\/site\/wp-json\/wp\/v2\/comments?post=6156"}],"wp:featuredmedia":[{"embeddable":true,"href":"https:\/\/editorag12.com\/site\/wp-json\/wp\/v2\/media\/6157"}],"wp:attachment":[{"href":"https:\/\/editorag12.com\/site\/wp-json\/wp\/v2\/media?parent=6156"}],"wp:term":[{"taxonomy":"product_brand","embeddable":true,"href":"https:\/\/editorag12.com\/site\/wp-json\/wp\/v2\/product_brand?post=6156"},{"taxonomy":"product_cat","embeddable":true,"href":"https:\/\/editorag12.com\/site\/wp-json\/wp\/v2\/product_cat?post=6156"},{"taxonomy":"product_tag","embeddable":true,"href":"https:\/\/editorag12.com\/site\/wp-json\/wp\/v2\/product_tag?post=6156"}],"curies":[{"name":"wp","href":"https:\/\/api.w.org\/{rel}","templated":true}]}}