{"id":6073,"date":"2024-11-14T11:54:21","date_gmt":"2024-11-14T14:54:21","guid":{"rendered":"https:\/\/editorag12.com\/site\/?post_type=product&#038;p=6073"},"modified":"2025-09-30T17:30:49","modified_gmt":"2025-09-30T20:30:49","slug":"livro-dos-sonhos-pra-johanna-castellanos","status":"publish","type":"product","link":"https:\/\/editorag12.com\/site\/produto\/livro-dos-sonhos-pra-johanna-castellanos\/","title":{"rendered":"Livro dos Sonhos Pra Johanna Castellanos"},"content":{"rendered":"","protected":false},"excerpt":{"rendered":"<p>H\u00e1 um grande poder na visualiza\u00e7\u00e3o e os decretos. Nosso desejo \u00e9 fornecer-lhe esta ferramenta para que os anseios do seu cora\u00e7\u00e3o possam ser vistos mais cedo do que voc\u00ea imagina! \u2728<\/p>\n<p>&#8211; Posicione-se para conquistar seus sonhos!<\/p>\n","protected":false},"featured_media":6074,"comment_status":"open","ping_status":"closed","template":"","meta":[],"product_brand":[],"product_cat":[63,49],"product_tag":[],"class_list":{"0":"post-6073","1":"product","2":"type-product","3":"status-publish","4":"has-post-thumbnail","6":"product_cat-combosespeciais","7":"product_cat-johanna-castellanos","9":"first","10":"instock","11":"taxable","12":"shipping-taxable","13":"purchasable","14":"product-type-simple"},"_links":{"self":[{"href":"https:\/\/editorag12.com\/site\/wp-json\/wp\/v2\/product\/6073","targetHints":{"allow":["GET"]}}],"collection":[{"href":"https:\/\/editorag12.com\/site\/wp-json\/wp\/v2\/product"}],"about":[{"href":"https:\/\/editorag12.com\/site\/wp-json\/wp\/v2\/types\/product"}],"replies":[{"embeddable":true,"href":"https:\/\/editorag12.com\/site\/wp-json\/wp\/v2\/comments?post=6073"}],"wp:featuredmedia":[{"embeddable":true,"href":"https:\/\/editorag12.com\/site\/wp-json\/wp\/v2\/media\/6074"}],"wp:attachment":[{"href":"https:\/\/editorag12.com\/site\/wp-json\/wp\/v2\/media?parent=6073"}],"wp:term":[{"taxonomy":"product_brand","embeddable":true,"href":"https:\/\/editorag12.com\/site\/wp-json\/wp\/v2\/product_brand?post=6073"},{"taxonomy":"product_cat","embeddable":true,"href":"https:\/\/editorag12.com\/site\/wp-json\/wp\/v2\/product_cat?post=6073"},{"taxonomy":"product_tag","embeddable":true,"href":"https:\/\/editorag12.com\/site\/wp-json\/wp\/v2\/product_tag?post=6073"}],"curies":[{"name":"wp","href":"https:\/\/api.w.org\/{rel}","templated":true}]}}