{"id":5972,"date":"2024-11-14T11:34:16","date_gmt":"2024-11-14T14:34:16","guid":{"rendered":"https:\/\/editorag12.com\/site\/?post_type=product&#038;p=5972"},"modified":"2024-12-04T11:43:24","modified_gmt":"2024-12-04T14:43:24","slug":"ebook-capacitacao-destino-2-o-poder-de-uma-visao","status":"publish","type":"product","link":"https:\/\/editorag12.com\/site\/produto\/ebook-capacitacao-destino-2-o-poder-de-uma-visao\/","title":{"rendered":"Ebook | Capacita\u00e7\u00e3o Destino 2 &#8211; O Poder de uma Vis\u00e3o"},"content":{"rendered":"","protected":false},"excerpt":{"rendered":"<p>Livro em Formato Digital .PUB<\/p>\n<p>Instru\u00e7\u00f5es:<\/p>\n<ol>\n<li>Depois de efetivada a compra acesse no email de confirma\u00e7\u00e3o ou no menu de dowloand e baixe o arquivo.<\/li>\n<li>\u00a0Salve o arquivo no seu aparelho.<\/li>\n<li>Para acessar ao e-book precisa ter instalado um aplicativo de leitura (google play books ou prest\u00edgio e-reader)<\/li>\n<li>Depois de ter o arquivo no seu aparelho, abra seu aplicativo de leitura e procure na biblioteca.<\/li>\n<\/ol>\n","protected":false},"featured_media":5889,"comment_status":"open","ping_status":"closed","template":"","meta":[],"product_brand":[],"product_cat":[51,56],"product_tag":[],"class_list":{"0":"post-5972","1":"product","2":"type-product","3":"status-publish","4":"has-post-thumbnail","6":"product_cat-capacitacao-destino","7":"product_cat-ebooks","9":"first","10":"instock","11":"downloadable","12":"virtual","13":"taxable","14":"purchasable","15":"product-type-simple"},"_links":{"self":[{"href":"https:\/\/editorag12.com\/site\/wp-json\/wp\/v2\/product\/5972","targetHints":{"allow":["GET"]}}],"collection":[{"href":"https:\/\/editorag12.com\/site\/wp-json\/wp\/v2\/product"}],"about":[{"href":"https:\/\/editorag12.com\/site\/wp-json\/wp\/v2\/types\/product"}],"replies":[{"embeddable":true,"href":"https:\/\/editorag12.com\/site\/wp-json\/wp\/v2\/comments?post=5972"}],"wp:featuredmedia":[{"embeddable":true,"href":"https:\/\/editorag12.com\/site\/wp-json\/wp\/v2\/media\/5889"}],"wp:attachment":[{"href":"https:\/\/editorag12.com\/site\/wp-json\/wp\/v2\/media?parent=5972"}],"wp:term":[{"taxonomy":"product_brand","embeddable":true,"href":"https:\/\/editorag12.com\/site\/wp-json\/wp\/v2\/product_brand?post=5972"},{"taxonomy":"product_cat","embeddable":true,"href":"https:\/\/editorag12.com\/site\/wp-json\/wp\/v2\/product_cat?post=5972"},{"taxonomy":"product_tag","embeddable":true,"href":"https:\/\/editorag12.com\/site\/wp-json\/wp\/v2\/product_tag?post=5972"}],"curies":[{"name":"wp","href":"https:\/\/api.w.org\/{rel}","templated":true}]}}