{"id":5962,"date":"2024-11-14T11:34:06","date_gmt":"2024-11-14T14:34:06","guid":{"rendered":"https:\/\/editorag12.com\/site\/?post_type=product&#038;p=5962"},"modified":"2024-12-03T10:41:49","modified_gmt":"2024-12-03T13:41:49","slug":"ebook-devocional-do-discipulo","status":"publish","type":"product","link":"https:\/\/editorag12.com\/site\/produto\/ebook-devocional-do-discipulo\/","title":{"rendered":"Ebook | Devocional do Disc\u00edpulo"},"content":{"rendered":"","protected":false},"excerpt":{"rendered":"<div class=\"_66s2\">\n<div class=\"av2bsgq5\">Para florescer em todas as \u00e1reas da vida, precisamos ser plantados em Deus; Ser plantado nos fala de intimidade com o Pai e \u00e9 o que se experimenta todos os dias em seu tempo devocional. O Devocional do Disc\u00edpulo o ajudar\u00e1 a estabelecer o h\u00e1bito de encontrar Deus todos os dias e lhe dar\u00e1 o plano de ler a B\u00edblia inteira em 1 ano. Quando voc\u00ea se conecta com a Palavra, a f\u00e9 cresce em voc\u00ea e voc\u00ea pode alcan\u00e7ar os milagres que anseia.<\/div>\n<\/div>\n<div class=\"_66s2\">\n<div class=\"av2bsgq5\"><\/div>\n<\/div>\n","protected":false},"featured_media":5946,"comment_status":"open","ping_status":"closed","template":"","meta":[],"product_brand":[],"product_cat":[56],"product_tag":[],"class_list":{"0":"post-5962","1":"product","2":"type-product","3":"status-publish","4":"has-post-thumbnail","6":"product_cat-ebooks","8":"first","9":"instock","10":"downloadable","11":"virtual","12":"taxable","13":"purchasable","14":"product-type-simple"},"_links":{"self":[{"href":"https:\/\/editorag12.com\/site\/wp-json\/wp\/v2\/product\/5962","targetHints":{"allow":["GET"]}}],"collection":[{"href":"https:\/\/editorag12.com\/site\/wp-json\/wp\/v2\/product"}],"about":[{"href":"https:\/\/editorag12.com\/site\/wp-json\/wp\/v2\/types\/product"}],"replies":[{"embeddable":true,"href":"https:\/\/editorag12.com\/site\/wp-json\/wp\/v2\/comments?post=5962"}],"wp:featuredmedia":[{"embeddable":true,"href":"https:\/\/editorag12.com\/site\/wp-json\/wp\/v2\/media\/5946"}],"wp:attachment":[{"href":"https:\/\/editorag12.com\/site\/wp-json\/wp\/v2\/media?parent=5962"}],"wp:term":[{"taxonomy":"product_brand","embeddable":true,"href":"https:\/\/editorag12.com\/site\/wp-json\/wp\/v2\/product_brand?post=5962"},{"taxonomy":"product_cat","embeddable":true,"href":"https:\/\/editorag12.com\/site\/wp-json\/wp\/v2\/product_cat?post=5962"},{"taxonomy":"product_tag","embeddable":true,"href":"https:\/\/editorag12.com\/site\/wp-json\/wp\/v2\/product_tag?post=5962"}],"curies":[{"name":"wp","href":"https:\/\/api.w.org\/{rel}","templated":true}]}}