{"id":5957,"date":"2024-11-14T11:33:57","date_gmt":"2024-11-14T14:33:57","guid":{"rendered":"https:\/\/editorag12.com\/site\/?post_type=product&#038;p=5957"},"modified":"2024-11-14T11:34:03","modified_gmt":"2024-11-14T14:34:03","slug":"kit-universidade-da-vida","status":"publish","type":"product","link":"https:\/\/editorag12.com\/site\/produto\/kit-universidade-da-vida\/","title":{"rendered":"Kit Universidade da Vida"},"content":{"rendered":"","protected":false},"excerpt":{"rendered":"<p>O kit inclui:<\/p>\n<p>1 livro para o aluno<br \/>\n1 livro para o mestre<br \/>\n1 Cart\u00e3o digital com recursos para cada aula (guia para prepara\u00e7\u00e3o de guias e material completo para o encontro)<br \/>\n1 Dvd Testemunhos<br \/>\n1 Material publicitario<\/p>\n","protected":false},"featured_media":5958,"comment_status":"open","ping_status":"closed","template":"","meta":[],"product_brand":[],"product_cat":[54],"product_tag":[],"class_list":{"0":"post-5957","1":"product","2":"type-product","3":"status-publish","4":"has-post-thumbnail","6":"product_cat-universidade-da-vida","8":"first","9":"instock","10":"taxable","11":"shipping-taxable","12":"purchasable","13":"product-type-simple"},"_links":{"self":[{"href":"https:\/\/editorag12.com\/site\/wp-json\/wp\/v2\/product\/5957","targetHints":{"allow":["GET"]}}],"collection":[{"href":"https:\/\/editorag12.com\/site\/wp-json\/wp\/v2\/product"}],"about":[{"href":"https:\/\/editorag12.com\/site\/wp-json\/wp\/v2\/types\/product"}],"replies":[{"embeddable":true,"href":"https:\/\/editorag12.com\/site\/wp-json\/wp\/v2\/comments?post=5957"}],"wp:featuredmedia":[{"embeddable":true,"href":"https:\/\/editorag12.com\/site\/wp-json\/wp\/v2\/media\/5958"}],"wp:attachment":[{"href":"https:\/\/editorag12.com\/site\/wp-json\/wp\/v2\/media?parent=5957"}],"wp:term":[{"taxonomy":"product_brand","embeddable":true,"href":"https:\/\/editorag12.com\/site\/wp-json\/wp\/v2\/product_brand?post=5957"},{"taxonomy":"product_cat","embeddable":true,"href":"https:\/\/editorag12.com\/site\/wp-json\/wp\/v2\/product_cat?post=5957"},{"taxonomy":"product_tag","embeddable":true,"href":"https:\/\/editorag12.com\/site\/wp-json\/wp\/v2\/product_tag?post=5957"}],"curies":[{"name":"wp","href":"https:\/\/api.w.org\/{rel}","templated":true}]}}