{"id":5910,"date":"2024-11-14T11:32:46","date_gmt":"2024-11-14T14:32:46","guid":{"rendered":"https:\/\/editorag12.com\/site\/?post_type=product&#038;p=5910"},"modified":"2026-01-15T08:55:53","modified_gmt":"2026-01-15T11:55:53","slug":"i-love-nova-edicao","status":"publish","type":"product","link":"https:\/\/editorag12.com\/site\/produto\/i-love-nova-edicao\/","title":{"rendered":"I Love (Nova Edi\u00e7\u00e3o)"},"content":{"rendered":"","protected":false},"excerpt":{"rendered":"<div class=\"_66s2\">\n<div class=\"av2bsgq5\">Muitos jovens ao redor do mundo tem um grande desejo de encontrar a pessoa certa e estabelecer namoros e casamentos firmes. Contudo alguns n\u00e3o conhecem os princ\u00edpios que a palavra ensina para alcan\u00e7ar o \u00eaxito. Nessa nova edi\u00e7\u00e3o de I LOVE, voc\u00ea encontrara princ\u00edpios claros e sens\u00edveis, bem como testemunhos reais os quais te ajudaram a escrever a mais linda historia de amor.<\/div>\n<\/div>\n<div class=\"av2bsgq5\"><\/div>\n<p>&nbsp;<\/p>\n","protected":false},"featured_media":5911,"comment_status":"open","ping_status":"closed","template":"","meta":[],"product_brand":[],"product_cat":[49,47],"product_tag":[],"class_list":{"0":"post-5910","1":"product","2":"type-product","3":"status-publish","4":"has-post-thumbnail","6":"product_cat-johanna-castellanos","7":"product_cat-livros","9":"first","10":"instock","11":"taxable","12":"shipping-taxable","13":"purchasable","14":"product-type-simple"},"_links":{"self":[{"href":"https:\/\/editorag12.com\/site\/wp-json\/wp\/v2\/product\/5910","targetHints":{"allow":["GET"]}}],"collection":[{"href":"https:\/\/editorag12.com\/site\/wp-json\/wp\/v2\/product"}],"about":[{"href":"https:\/\/editorag12.com\/site\/wp-json\/wp\/v2\/types\/product"}],"replies":[{"embeddable":true,"href":"https:\/\/editorag12.com\/site\/wp-json\/wp\/v2\/comments?post=5910"}],"wp:featuredmedia":[{"embeddable":true,"href":"https:\/\/editorag12.com\/site\/wp-json\/wp\/v2\/media\/5911"}],"wp:attachment":[{"href":"https:\/\/editorag12.com\/site\/wp-json\/wp\/v2\/media?parent=5910"}],"wp:term":[{"taxonomy":"product_brand","embeddable":true,"href":"https:\/\/editorag12.com\/site\/wp-json\/wp\/v2\/product_brand?post=5910"},{"taxonomy":"product_cat","embeddable":true,"href":"https:\/\/editorag12.com\/site\/wp-json\/wp\/v2\/product_cat?post=5910"},{"taxonomy":"product_tag","embeddable":true,"href":"https:\/\/editorag12.com\/site\/wp-json\/wp\/v2\/product_tag?post=5910"}],"curies":[{"name":"wp","href":"https:\/\/api.w.org\/{rel}","templated":true}]}}