{"id":5880,"date":"2024-11-14T11:32:13","date_gmt":"2024-11-14T14:32:13","guid":{"rendered":"https:\/\/editorag12.com\/site\/?post_type=product&#038;p=5880"},"modified":"2025-10-01T10:08:54","modified_gmt":"2025-10-01T13:08:54","slug":"a-revelacao-da-cruz","status":"publish","type":"product","link":"https:\/\/editorag12.com\/site\/produto\/a-revelacao-da-cruz\/","title":{"rendered":"A Revela\u00e7\u00e3o da Cruz"},"content":{"rendered":"","protected":false},"excerpt":{"rendered":"<div class=\"_66s2\">\n<div class=\"av2bsgq5\">&#8220;O livro est\u00e1 apoiado na experi\u00eancia que n\u00f3s tivemos como minist\u00e9rio. Os resultados extraordin\u00e1rios que alcan\u00e7amos s\u00e3o gra\u00e7as aos princ\u00edpios chave de crescimento para a igreja, os quais foram revelados por Deus&#8221; Pr. Cesar Castellanos<\/div>\n<\/div>\n<div class=\"_66s2\">\n<div class=\"av2bsgq5\"><\/div>\n<\/div>\n<p>&nbsp;<\/p>\n","protected":false},"featured_media":5881,"comment_status":"open","ping_status":"closed","template":"","meta":[],"product_brand":[],"product_cat":[46,47],"product_tag":[],"class_list":{"0":"post-5880","1":"product","2":"type-product","3":"status-publish","4":"has-post-thumbnail","6":"product_cat-cesar-castellanos","7":"product_cat-livros","9":"first","10":"instock","11":"taxable","12":"shipping-taxable","13":"purchasable","14":"product-type-simple"},"_links":{"self":[{"href":"https:\/\/editorag12.com\/site\/wp-json\/wp\/v2\/product\/5880","targetHints":{"allow":["GET"]}}],"collection":[{"href":"https:\/\/editorag12.com\/site\/wp-json\/wp\/v2\/product"}],"about":[{"href":"https:\/\/editorag12.com\/site\/wp-json\/wp\/v2\/types\/product"}],"replies":[{"embeddable":true,"href":"https:\/\/editorag12.com\/site\/wp-json\/wp\/v2\/comments?post=5880"}],"wp:featuredmedia":[{"embeddable":true,"href":"https:\/\/editorag12.com\/site\/wp-json\/wp\/v2\/media\/5881"}],"wp:attachment":[{"href":"https:\/\/editorag12.com\/site\/wp-json\/wp\/v2\/media?parent=5880"}],"wp:term":[{"taxonomy":"product_brand","embeddable":true,"href":"https:\/\/editorag12.com\/site\/wp-json\/wp\/v2\/product_brand?post=5880"},{"taxonomy":"product_cat","embeddable":true,"href":"https:\/\/editorag12.com\/site\/wp-json\/wp\/v2\/product_cat?post=5880"},{"taxonomy":"product_tag","embeddable":true,"href":"https:\/\/editorag12.com\/site\/wp-json\/wp\/v2\/product_tag?post=5880"}],"curies":[{"name":"wp","href":"https:\/\/api.w.org\/{rel}","templated":true}]}}