{"id":5874,"date":"2024-11-14T11:32:06","date_gmt":"2024-11-14T14:32:06","guid":{"rendered":"https:\/\/editorag12.com\/site\/?post_type=product&#038;p=5874"},"modified":"2025-09-30T08:15:43","modified_gmt":"2025-09-30T11:15:43","slug":"52-estudos-para-reunioes-g12","status":"publish","type":"product","link":"https:\/\/editorag12.com\/site\/produto\/52-estudos-para-reunioes-g12\/","title":{"rendered":"52 Estudos para Reuni\u00f5es G12"},"content":{"rendered":"","protected":false},"excerpt":{"rendered":"<p>A grande maioria daqueles que t\u00eam alcan\u00e7ado o sucesso \u00e9 de grandes vision\u00e1rios. A vis\u00e3o \u00e9 a id\u00e9ia clara de Deus revelada \u00e0 mente do homem para que este a execute. Abra\u00e3o teve a vis\u00e3o de que seria pai de muitas na\u00e7\u00f5es.<\/p>\n","protected":false},"featured_media":5875,"comment_status":"open","ping_status":"closed","template":"","meta":[],"product_brand":[],"product_cat":[46,47],"product_tag":[],"class_list":{"0":"post-5874","1":"product","2":"type-product","3":"status-publish","4":"has-post-thumbnail","6":"product_cat-cesar-castellanos","7":"product_cat-livros","9":"first","10":"instock","11":"taxable","12":"shipping-taxable","13":"purchasable","14":"product-type-simple"},"_links":{"self":[{"href":"https:\/\/editorag12.com\/site\/wp-json\/wp\/v2\/product\/5874","targetHints":{"allow":["GET"]}}],"collection":[{"href":"https:\/\/editorag12.com\/site\/wp-json\/wp\/v2\/product"}],"about":[{"href":"https:\/\/editorag12.com\/site\/wp-json\/wp\/v2\/types\/product"}],"replies":[{"embeddable":true,"href":"https:\/\/editorag12.com\/site\/wp-json\/wp\/v2\/comments?post=5874"}],"wp:featuredmedia":[{"embeddable":true,"href":"https:\/\/editorag12.com\/site\/wp-json\/wp\/v2\/media\/5875"}],"wp:attachment":[{"href":"https:\/\/editorag12.com\/site\/wp-json\/wp\/v2\/media?parent=5874"}],"wp:term":[{"taxonomy":"product_brand","embeddable":true,"href":"https:\/\/editorag12.com\/site\/wp-json\/wp\/v2\/product_brand?post=5874"},{"taxonomy":"product_cat","embeddable":true,"href":"https:\/\/editorag12.com\/site\/wp-json\/wp\/v2\/product_cat?post=5874"},{"taxonomy":"product_tag","embeddable":true,"href":"https:\/\/editorag12.com\/site\/wp-json\/wp\/v2\/product_tag?post=5874"}],"curies":[{"name":"wp","href":"https:\/\/api.w.org\/{rel}","templated":true}]}}