{"id":5854,"date":"2024-11-14T11:31:43","date_gmt":"2024-11-14T14:31:43","guid":{"rendered":"https:\/\/editorag12.com\/site\/?post_type=product&#038;p=5854"},"modified":"2025-09-30T08:52:23","modified_gmt":"2025-09-30T11:52:23","slug":"144-a-chave-da-multiplicacao","status":"publish","type":"product","link":"https:\/\/editorag12.com\/site\/produto\/144-a-chave-da-multiplicacao\/","title":{"rendered":"144 A Chave da Multiplica\u00e7\u00e3o"},"content":{"rendered":"","protected":false},"excerpt":{"rendered":"<div class=\"_66s2\">\n<div class=\"av2bsgq5\">Todo aquele que sabe em seu cora\u00e7\u00e3o que tem um chamado de parte de Deus para servir-lhe, que est\u00e1 come\u00e7ando a dar os primeiros passos em sua vida ministerial, ou que j\u00e1 \u00e9 um l\u00edder de experi\u00eancia na prega\u00e7\u00e3o da Palavra de Deus, precisa ler este livro n\u00e3o como uma leitura a mais, mas com o prop\u00f3sito de utiliz\u00e1-lo como ferramenta de apoio para o seu objetivo.<\/div>\n<\/div>\n<div class=\"_66s2\">\n<div class=\"av2bsgq5\"><\/div>\n<\/div>\n","protected":false},"featured_media":5855,"comment_status":"open","ping_status":"closed","template":"","meta":[],"product_brand":[],"product_cat":[46,47],"product_tag":[],"class_list":{"0":"post-5854","1":"product","2":"type-product","3":"status-publish","4":"has-post-thumbnail","6":"product_cat-cesar-castellanos","7":"product_cat-livros","9":"first","10":"instock","11":"taxable","12":"shipping-taxable","13":"purchasable","14":"product-type-simple"},"_links":{"self":[{"href":"https:\/\/editorag12.com\/site\/wp-json\/wp\/v2\/product\/5854","targetHints":{"allow":["GET"]}}],"collection":[{"href":"https:\/\/editorag12.com\/site\/wp-json\/wp\/v2\/product"}],"about":[{"href":"https:\/\/editorag12.com\/site\/wp-json\/wp\/v2\/types\/product"}],"replies":[{"embeddable":true,"href":"https:\/\/editorag12.com\/site\/wp-json\/wp\/v2\/comments?post=5854"}],"wp:featuredmedia":[{"embeddable":true,"href":"https:\/\/editorag12.com\/site\/wp-json\/wp\/v2\/media\/5855"}],"wp:attachment":[{"href":"https:\/\/editorag12.com\/site\/wp-json\/wp\/v2\/media?parent=5854"}],"wp:term":[{"taxonomy":"product_brand","embeddable":true,"href":"https:\/\/editorag12.com\/site\/wp-json\/wp\/v2\/product_brand?post=5854"},{"taxonomy":"product_cat","embeddable":true,"href":"https:\/\/editorag12.com\/site\/wp-json\/wp\/v2\/product_cat?post=5854"},{"taxonomy":"product_tag","embeddable":true,"href":"https:\/\/editorag12.com\/site\/wp-json\/wp\/v2\/product_tag?post=5854"}],"curies":[{"name":"wp","href":"https:\/\/api.w.org\/{rel}","templated":true}]}}