{"id":5852,"date":"2024-11-14T11:31:40","date_gmt":"2024-11-14T14:31:40","guid":{"rendered":"https:\/\/editorag12.com\/site\/?post_type=product&#038;p=5852"},"modified":"2025-10-01T10:11:06","modified_gmt":"2025-10-01T13:11:06","slug":"o-poder-da-fe","status":"publish","type":"product","link":"https:\/\/editorag12.com\/site\/produto\/o-poder-da-fe\/","title":{"rendered":"O Poder da Fe"},"content":{"rendered":"","protected":false},"excerpt":{"rendered":"<p>Por meio da f\u00e9 compreender\u00e1 que voc\u00ea \u00e9 uma ferramenta nas m\u00e3os de Deus, que trar\u00e1 salva\u00e7\u00e3o a muitas vidas; a f\u00e9 que ser\u00e1 transmitida ao ler este livro permitira que voc\u00ea se projete, n\u00e3o como uma pessoa qualquer, e sim como um l\u00edder de multid\u00f5es.<\/p>\n","protected":false},"featured_media":5853,"comment_status":"open","ping_status":"closed","template":"","meta":[],"product_brand":[],"product_cat":[46,47],"product_tag":[],"class_list":{"0":"post-5852","1":"product","2":"type-product","3":"status-publish","4":"has-post-thumbnail","6":"product_cat-cesar-castellanos","7":"product_cat-livros","9":"first","10":"instock","11":"taxable","12":"shipping-taxable","13":"purchasable","14":"product-type-simple"},"_links":{"self":[{"href":"https:\/\/editorag12.com\/site\/wp-json\/wp\/v2\/product\/5852","targetHints":{"allow":["GET"]}}],"collection":[{"href":"https:\/\/editorag12.com\/site\/wp-json\/wp\/v2\/product"}],"about":[{"href":"https:\/\/editorag12.com\/site\/wp-json\/wp\/v2\/types\/product"}],"replies":[{"embeddable":true,"href":"https:\/\/editorag12.com\/site\/wp-json\/wp\/v2\/comments?post=5852"}],"wp:featuredmedia":[{"embeddable":true,"href":"https:\/\/editorag12.com\/site\/wp-json\/wp\/v2\/media\/5853"}],"wp:attachment":[{"href":"https:\/\/editorag12.com\/site\/wp-json\/wp\/v2\/media?parent=5852"}],"wp:term":[{"taxonomy":"product_brand","embeddable":true,"href":"https:\/\/editorag12.com\/site\/wp-json\/wp\/v2\/product_brand?post=5852"},{"taxonomy":"product_cat","embeddable":true,"href":"https:\/\/editorag12.com\/site\/wp-json\/wp\/v2\/product_cat?post=5852"},{"taxonomy":"product_tag","embeddable":true,"href":"https:\/\/editorag12.com\/site\/wp-json\/wp\/v2\/product_tag?post=5852"}],"curies":[{"name":"wp","href":"https:\/\/api.w.org\/{rel}","templated":true}]}}